{"id":135,"date":"2024-11-05T19:18:07","date_gmt":"2024-11-05T19:18:07","guid":{"rendered":"https:\/\/advancenexuscapital.com\/?page_id=135"},"modified":"2024-12-06T17:32:37","modified_gmt":"2024-12-06T17:32:37","slug":"about","status":"publish","type":"page","link":"https:\/\/advancenexuscapital.com\/es\/about\/","title":{"rendered":"Sobre Nosotros"},"content":{"rendered":"<style>\n.courses-container-link {\np {\na {\ncolor: #0051FF !important;\n}\n}\n}\n<\/style>\n\n\n\n<div class=\"wp-block-stackable-text stk-block-text stk-block stk-bfb61df\" data-block-id=\"bfb61df\"><style>.stk-bfb61df {margin-bottom:0px !important;}.stk-bfb61df .stk-block-text__text{font-size:1.5rem !important;}@media screen and (max-width: 1023px){.stk-bfb61df .stk-block-text__text{font-size:1.5rem !important;}}<\/style><p class=\"stk-block-text__text\"><strong>Bienvenido a Advance Nexus Capital Corp<\/strong><\/p><\/div>\n\n\n\n<p class=\"wp-block-paragraph\">Nos complace compartir con usted qui\u00e9nes somos, qu\u00e9 hacemos y c\u00f3mo podemos ayudarle.<\/p>\n\n\n\n<p class=\"wp-block-paragraph\">Somos una empresa emergente de estrategias de negociaci\u00f3n comprometida con la excelencia, la innovaci\u00f3n y la satisfacci\u00f3n del cliente. Esperamos que disfrute aprendiendo m\u00e1s sobre nosotros y sobre c\u00f3mo podemos formar parte de su vida diaria.<\/p>\n\n\n\n<div class=\"wp-block-group has-global-padding is-layout-constrained wp-container-core-group-is-layout-fdab31c2 wp-block-group-is-layout-constrained\">\n<figure class=\"wp-block-image alignfull size-full\"><img data-recalc-dims=\"1\" loading=\"lazy\" decoding=\"async\" width=\"937\" height=\"390\" data-attachment-id=\"523\" data-permalink=\"https:\/\/advancenexuscapital.com\/es\/about\/image\/\" data-orig-file=\"https:\/\/i0.wp.com\/advancenexuscapital.com\/wp-content\/uploads\/2024\/11\/image.png?fit=937%2C390&amp;ssl=1\" data-orig-size=\"937,390\" data-comments-opened=\"1\" data-image-meta=\"{&quot;aperture&quot;:&quot;0&quot;,&quot;credit&quot;:&quot;&quot;,&quot;camera&quot;:&quot;&quot;,&quot;caption&quot;:&quot;&quot;,&quot;created_timestamp&quot;:&quot;0&quot;,&quot;copyright&quot;:&quot;&quot;,&quot;focal_length&quot;:&quot;0&quot;,&quot;iso&quot;:&quot;0&quot;,&quot;shutter_speed&quot;:&quot;0&quot;,&quot;title&quot;:&quot;&quot;,&quot;orientation&quot;:&quot;0&quot;}\" data-image-title=\"image\" data-image-description=\"\" data-image-caption=\"\" data-large-file=\"https:\/\/i0.wp.com\/advancenexuscapital.com\/wp-content\/uploads\/2024\/11\/image.png?fit=937%2C390&amp;ssl=1\" src=\"https:\/\/i0.wp.com\/advancenexuscapital.com\/wp-content\/uploads\/2024\/11\/image.png?resize=937%2C390&#038;ssl=1\" alt=\"Trading related analysis\" class=\"wp-image-523\" srcset=\"https:\/\/i0.wp.com\/advancenexuscapital.com\/wp-content\/uploads\/2024\/11\/image.png?w=937&amp;ssl=1 937w, https:\/\/i0.wp.com\/advancenexuscapital.com\/wp-content\/uploads\/2024\/11\/image.png?resize=300%2C125&amp;ssl=1 300w, https:\/\/i0.wp.com\/advancenexuscapital.com\/wp-content\/uploads\/2024\/11\/image.png?resize=768%2C320&amp;ssl=1 768w, https:\/\/i0.wp.com\/advancenexuscapital.com\/wp-content\/uploads\/2024\/11\/image.png?resize=18%2C7&amp;ssl=1 18w\" sizes=\"auto, (max-width: 937px) 100vw, 937px\" \/><\/figure>\n<\/div>\n\n\n\n<div class=\"wp-block-stackable-text stk-block-text stk-block stk-876a268\" data-block-id=\"876a268\"><style>.stk-876a268 {margin-top:20px !important;margin-bottom:-10px !important;}.stk-876a268 .stk-block-text__text{font-size:1.5rem !important;}@media screen and (max-width: 1023px){.stk-876a268 .stk-block-text__text{font-size:1.5rem !important;}}<\/style><p class=\"stk-block-text__text\"><strong>An\u00e1lisis de operaciones<\/strong><\/p><\/div>\n\n\n\n<ul class=\"wp-block-list\">\n<li>An\u00e1lisis fundamental: Un enfoque para evaluar la salud financiera de las empresas y los activos, Se basa en el examen de los factores financieros de la empresa, la gobernanza y los activos.<\/li>\n\n\n\n<li>An\u00e1lisis t\u00e9cnico:  Consiste en estudiar los gr\u00e1ficos y los patrones de precios para prever los futuros movimientos del mercado.<\/li>\n<\/ul>\n\n\n\n<div class=\"wp-block-cover has-parallax\" style=\"min-height:120px;aspect-ratio:unset;\"><div class=\"wp-block-cover__image-background wp-image-546 size-full has-parallax\" style=\"background-position:50% 50%;background-image:url(https:\/\/advancenexuscapital.com\/wp-content\/uploads\/2024\/11\/image-3.png)\"><\/div><span aria-hidden=\"true\" class=\"wp-block-cover__background has-background-dim-60 has-background-dim\"><\/span><div class=\"wp-block-cover__inner-container is-layout-flow wp-block-cover-is-layout-flow\">\n<p class=\"has-text-align-center has-large-font-size wp-block-paragraph\"><strong>Tipos de inversiones<\/strong><\/p>\n<\/div><\/div>\n\n\n\n<div class=\"wp-block-stackable-text stk-block-text stk-block stk-bc56fe7 cc-hide-on-mobile cc-hide-on-tablet cc-hide-on-desktop\" data-block-id=\"bc56fe7\"><style>.stk-bc56fe7 {margin-top:20px !important;margin-bottom:-10px !important;}.stk-bc56fe7 .stk-block-text__text{font-size:1.5rem !important;}@media screen and (max-width: 1023px){.stk-bc56fe7 .stk-block-text__text{font-size:1.5rem !important;}}<\/style><p class=\"stk-block-text__text\"><strong>Tipos de inversiones<\/strong><\/p><\/div>\n\n\n\n<ul class=\"wp-block-list\">\n<li>Forex<\/li>\n\n\n\n<li>Stock<\/li>\n\n\n\n<li>Cryptos<\/li>\n\n\n\n<li>Futuros y Commodities<\/li>\n<\/ul>\n\n\n\n<div class=\"wp-block-stackable-text stk-block-text stk-block stk-a9d95dd\" data-block-id=\"a9d95dd\"><style>.stk-a9d95dd {margin-top:40px !important;margin-bottom:40px !important;}.stk-a9d95dd .stk-block-text__text{font-size:1.3rem !important;}@media screen and (max-width: 1023px){.stk-a9d95dd .stk-block-text__text{font-size:1.3rem !important;}}<\/style><p class=\"stk-block-text__text\"><strong><em>\u00abLa estrategia \u00fanica no existe\u00bb.<\/em><\/strong><\/p><\/div>\n\n\n\n<div class=\"wp-block-cover has-parallax\" style=\"min-height:120px;aspect-ratio:unset;\"><div class=\"wp-block-cover__image-background wp-image-551 size-full has-parallax\" style=\"background-position:50% 50%;background-image:url(https:\/\/advancenexuscapital.com\/wp-content\/uploads\/2024\/11\/image-4.png)\"><\/div><span aria-hidden=\"true\" class=\"wp-block-cover__background has-background-dim-60 has-background-dim\"><\/span><div class=\"wp-block-cover__inner-container is-layout-flow wp-block-cover-is-layout-flow\">\n<p class=\"has-text-align-center has-large-font-size wp-block-paragraph\"><strong>Nuestros cursos<\/strong><\/p>\n<\/div><\/div>\n\n\n\n<div class=\"wp-block-stackable-spacer stk-block-spacer stk--no-padding stk-block stk-c1b9f33\" data-block-id=\"c1b9f33\"><style>.stk-c1b9f33 {height:32px !important;}<\/style><\/div>\n\n\n\n<div class=\"wp-block-stackable-text stk-block-text stk-block stk-9f6004f courses-container-link\" data-block-id=\"9f6004f\"><style>.stk-9f6004f .stk-block-text__text{color:#000350 !important;}<\/style><p class=\"stk-block-text__text has-text-color\">Obt\u00e9n nuestros cursos<a href=\"https:\/\/advancenexuscapital.com\/es\/courses\/\" data-type=\"page\" data-id=\"493\"> aqu\u00ed<\/a><\/p><\/div>\n\n\n\n<p class=\"wp-block-paragraph\"><\/p>","protected":false},"excerpt":{"rendered":"<p>Welcome to Advance Nexus Capital Corp We are pleased to share with you who we are, what we do and how we can be of assistance to you. We are an emerging Trading Strategies firm committed to excellence, innovation and client satisfaction. We hope you enjoy learning more about us and how we can be [&hellip;]<\/p>\n","protected":false},"author":256790700,"featured_media":196,"parent":0,"menu_order":0,"comment_status":"closed","ping_status":"closed","template":"about-us","meta":{"_crdt_document":"","advanced_seo_description":"","jetpack_seo_html_title":"","jetpack_seo_noindex":false,"footnotes":""},"class_list":["post-135","page","type-page","status-publish","has-post-thumbnail","hentry"],"jetpack_likes_enabled":true,"jetpack_sharing_enabled":true,"jetpack_shortlink":"https:\/\/wp.me\/Pg60Z5-2b","jetpack-related-posts":[],"_links":{"self":[{"href":"https:\/\/advancenexuscapital.com\/es\/wp-json\/wp\/v2\/pages\/135","targetHints":{"allow":["GET"]}}],"collection":[{"href":"https:\/\/advancenexuscapital.com\/es\/wp-json\/wp\/v2\/pages"}],"about":[{"href":"https:\/\/advancenexuscapital.com\/es\/wp-json\/wp\/v2\/types\/page"}],"author":[{"embeddable":true,"href":"https:\/\/advancenexuscapital.com\/es\/wp-json\/wp\/v2\/users\/256790700"}],"replies":[{"embeddable":true,"href":"https:\/\/advancenexuscapital.com\/es\/wp-json\/wp\/v2\/comments?post=135"}],"version-history":[{"count":55,"href":"https:\/\/advancenexuscapital.com\/es\/wp-json\/wp\/v2\/pages\/135\/revisions"}],"predecessor-version":[{"id":620,"href":"https:\/\/advancenexuscapital.com\/es\/wp-json\/wp\/v2\/pages\/135\/revisions\/620"}],"wp:featuredmedia":[{"embeddable":true,"href":"https:\/\/advancenexuscapital.com\/es\/wp-json\/wp\/v2\/media\/196"}],"wp:attachment":[{"href":"https:\/\/advancenexuscapital.com\/es\/wp-json\/wp\/v2\/media?parent=135"}],"curies":[{"name":"wp","href":"https:\/\/api.w.org\/{rel}","templated":true}]}}